{"id":433,"date":"2022-03-07T22:05:22","date_gmt":"2022-03-07T21:05:22","guid":{"rendered":"https:\/\/www.v-comp.ch\/?page_id=433"},"modified":"2022-03-07T22:31:42","modified_gmt":"2022-03-07T21:31:42","slug":"current-news","status":"publish","type":"page","link":"https:\/\/www.v-comp.ch\/?page_id=433&lang=en","title":{"rendered":"Current news"},"content":{"rendered":"\n<div class=\"wp-block-columns is-layout-flex wp-container-core-columns-is-layout-9d6595d7 wp-block-columns-is-layout-flex\">\n<div class=\"wp-block-column is-layout-flow wp-block-column-is-layout-flow\" style=\"flex-basis:33.33%\">\n<figure class=\"wp-block-image size-full\"><img loading=\"lazy\" decoding=\"async\" width=\"305\" height=\"140\" src=\"https:\/\/www.v-comp.ch\/wp-content\/uploads\/2022\/03\/aktualitasok.jpg\" alt=\"\" class=\"wp-image-30\" srcset=\"https:\/\/www.v-comp.ch\/wp-content\/uploads\/2022\/03\/aktualitasok.jpg 305w, https:\/\/www.v-comp.ch\/wp-content\/uploads\/2022\/03\/aktualitasok-300x138.jpg 300w\" sizes=\"auto, (max-width: 305px) 85vw, 305px\" \/><\/figure>\n<\/div>\n\n\n\n<div class=\"wp-block-column is-layout-flow wp-block-column-is-layout-flow\" style=\"flex-basis:66.66%\"><ul class=\"wp-block-latest-posts__list has-dates wp-block-latest-posts\"><li><a class=\"wp-block-latest-posts__post-title\" href=\"https:\/\/www.v-comp.ch\/?p=584&#038;lang=hu\">E-mail szerver migr\u00e1ci\u00f3<\/a><time datetime=\"2023-03-26T18:03:26+02:00\" class=\"wp-block-latest-posts__post-date\">2023-03-26<\/time><div class=\"wp-block-latest-posts__post-excerpt\">Az elm\u00falt id\u0151szak legfontosabb feladata az e-mail szerver migr\u00e1ci\u00f3ja volt, melynek lebonyol\u00edt\u00e1s\u00e1t teljes sikerrel z\u00e1rtuk. Az \u00e1t\u00e1ll\u00e1s maga a megfelel\u0151 el\u0151k\u00e9sz\u00fcleteknek k\u00f6sz\u00f6nhet\u0151en r\u00f6vid ideig tartott. Az e-maileket \u00e9s egy\u00e9b f\u00e1jlokat egy el\u0151re kidolgozott, differenci\u00e1lis vissza\u00e1ll\u00edt\u00e1st haszn\u00e1l\u00f3 m\u00f3dszerrel \u00e1ll\u00edtottuk vissza. \u00cdgy a migr\u00e1ci\u00f3kor csak az utols\u00f3 teljes ment\u00e9s \u00f3ta m\u00f3dosult, viszonylag kis mennyis\u00e9g\u0171 adatot kellett helyre\u00e1ll\u00edtani. &hellip; <a href=\"https:\/\/www.v-comp.ch\/?p=584&#038;lang=hu\" class=\"more-link\">Continue reading<span class=\"screen-reader-text\"> &#8220;E-mail szerver migr\u00e1ci\u00f3&#8221;<\/span><\/a><\/div><\/li>\n<li><a class=\"wp-block-latest-posts__post-title\" href=\"https:\/\/www.v-comp.ch\/?p=582\">E-mail Server Migration<\/a><time datetime=\"2023-03-26T18:02:54+02:00\" class=\"wp-block-latest-posts__post-date\">2023-03-26<\/time><div class=\"wp-block-latest-posts__post-excerpt\">In der letzten Zeit lag unser Fokus auf der E-mail Server Migration, die wir erfolgreich gemeistert haben. Die Migration selber hat \u2013 dank der gr\u00fcndlichen Vorbereitung \u2013 nur eine kurze Zeit in Anspruch genommen. Die Menge der E-mail Daten w\u00e4hrend der Migration konnte mit der im Voraus entwickelten differentialen Restore Methode gering gehalten werden. Die &hellip; <a href=\"https:\/\/www.v-comp.ch\/?p=582\" class=\"more-link\">Continue reading<span class=\"screen-reader-text\"> &#8220;E-mail Server Migration&#8221;<\/span><\/a><\/div><\/li>\n<li><a class=\"wp-block-latest-posts__post-title\" href=\"https:\/\/www.v-comp.ch\/?p=587&#038;lang=en\">E-mail server migration<\/a><time datetime=\"2023-03-26T18:01:37+02:00\" class=\"wp-block-latest-posts__post-date\">2023-03-26<\/time><div class=\"wp-block-latest-posts__post-excerpt\">In the recent period our focus was the e-mail server migration, which was completed successfully. The migration itself took only a short time, because of the thorough test and preparation work done in advance. The migration of the email data have been restored with a self developed differential restore method, which resulted in a minimal &hellip; <a href=\"https:\/\/www.v-comp.ch\/?p=587&#038;lang=en\" class=\"more-link\">Continue reading<span class=\"screen-reader-text\"> &#8220;E-mail server migration&#8221;<\/span><\/a><\/div><\/li>\n<li><a class=\"wp-block-latest-posts__post-title\" href=\"https:\/\/www.v-comp.ch\/?p=571&#038;lang=en\">New website online<\/a><time datetime=\"2022-03-15T16:04:02+01:00\" class=\"wp-block-latest-posts__post-date\">2022-03-15<\/time><div class=\"wp-block-latest-posts__post-excerpt\">The development our services reached a new milestone. Our web services have been relaunched on a new server, under redesigned and stronger security precautions. First of all we are proud to present our own website, which uses the earlier design elements but in new structure and responsive pattern. On this way the site is well &hellip; <a href=\"https:\/\/www.v-comp.ch\/?p=571&#038;lang=en\" class=\"more-link\">Continue reading<span class=\"screen-reader-text\"> &#8220;New website online&#8221;<\/span><\/a><\/div><\/li>\n<li><a class=\"wp-block-latest-posts__post-title\" href=\"https:\/\/www.v-comp.ch\/?p=569&#038;lang=hu\">Meg\u00fajult a web oldal<\/a><time datetime=\"2022-03-15T16:03:11+01:00\" class=\"wp-block-latest-posts__post-date\">2022-03-15<\/time><div class=\"wp-block-latest-posts__post-excerpt\">Szolg\u00e1ltatsaink fejleszt\u00e9se m\u00e9rf\u00f6ldk\u0151h\u00f6z \u00e9rkezett. Web szolg\u00e1tat\u00e1sunk \u00faj szerveren, a biztons\u00e1gi megfontol\u00e1sok \u00fajragondol\u00e1s\u00e1val \u00e9s szigor\u00edt\u00e1s\u00e1val l\u00e9p \u00fczembe. Els\u0151k\u00e9nt b\u00fcszk\u00e9n mutatjuk be \u00faj web oldalunkat, mely a kor\u00e1bbi design elemeket felhaszn\u00e1lva, de \u00faj fel\u00e9p\u00edt\u00e9sben \u00e9s responz\u00edv m\u00f3don \u00e1talak\u00edtva imm\u00e1r desktopon \u00e9s mobilon is \u00e9lvezetes b\u00f6ng\u00e9sz\u00e9st ny\u00fajt. Mivel az \u00faj web motor t\u00e1mogatja a rendszeres postokat, az elk\u00f6vetkez\u0151 &hellip; <a href=\"https:\/\/www.v-comp.ch\/?p=569&#038;lang=hu\" class=\"more-link\">Continue reading<span class=\"screen-reader-text\"> &#8220;Meg\u00fajult a web oldal&#8221;<\/span><\/a><\/div><\/li>\n<\/ul><\/div>\n<\/div>\n","protected":false},"excerpt":{"rendered":"","protected":false},"author":1,"featured_media":0,"parent":0,"menu_order":0,"comment_status":"closed","ping_status":"closed","template":"","meta":{"_editorskit_title_hidden":false,"_editorskit_reading_time":0,"_editorskit_is_block_options_detached":false,"_editorskit_block_options_position":"{}","footnotes":""},"class_list":["post-433","page","type-page","status-publish","hentry"],"_links":{"self":[{"href":"https:\/\/www.v-comp.ch\/index.php?rest_route=\/wp\/v2\/pages\/433","targetHints":{"allow":["GET"]}}],"collection":[{"href":"https:\/\/www.v-comp.ch\/index.php?rest_route=\/wp\/v2\/pages"}],"about":[{"href":"https:\/\/www.v-comp.ch\/index.php?rest_route=\/wp\/v2\/types\/page"}],"author":[{"embeddable":true,"href":"https:\/\/www.v-comp.ch\/index.php?rest_route=\/wp\/v2\/users\/1"}],"replies":[{"embeddable":true,"href":"https:\/\/www.v-comp.ch\/index.php?rest_route=%2Fwp%2Fv2%2Fcomments&post=433"}],"version-history":[{"count":2,"href":"https:\/\/www.v-comp.ch\/index.php?rest_route=\/wp\/v2\/pages\/433\/revisions"}],"predecessor-version":[{"id":435,"href":"https:\/\/www.v-comp.ch\/index.php?rest_route=\/wp\/v2\/pages\/433\/revisions\/435"}],"wp:attachment":[{"href":"https:\/\/www.v-comp.ch\/index.php?rest_route=%2Fwp%2Fv2%2Fmedia&parent=433"}],"curies":[{"name":"wp","href":"https:\/\/api.w.org\/{rel}","templated":true}]}}