{"id":420,"date":"2022-03-07T21:55:24","date_gmt":"2022-03-07T20:55:24","guid":{"rendered":"https:\/\/www.v-comp.ch\/?page_id=420"},"modified":"2023-03-26T18:09:28","modified_gmt":"2023-03-26T16:09:28","slug":"connection","status":"publish","type":"page","link":"https:\/\/www.v-comp.ch\/?page_id=420&lang=en","title":{"rendered":"Connection"},"content":{"rendered":"\n<div class=\"wp-block-columns is-layout-flex wp-container-core-columns-is-layout-9d6595d7 wp-block-columns-is-layout-flex\">\n<div class=\"wp-block-column is-layout-flow wp-block-column-is-layout-flow\" style=\"flex-basis:33.33%\"><\/div>\n\n\n\n<div class=\"wp-block-column is-layout-flow wp-block-column-is-layout-flow\" style=\"flex-basis:66.66%\">\n<p class=\"has-text-align-justify\">Bern as capitol of Switzerland is easy to reach. To our office by car take the exit Niederwangen from highway A12.<\/p>\n\n\n\n<p class=\"has-text-align-justify\">We propose to use the public transport by train.<br>From main station Bern take the S-Bahn S1  or S2 direction Fribourg, station B\u00fcmliz-S\u00fcd.<br>Tram is also available, from Bern main station use the tram 7, station Bachm\u00e4tteli.<\/p>\n\n\n\n<p class=\"has-text-align-justify\">Our office situated in Wangenstrasse 45c in Bern B\u00fcmpliz district.<\/p>\n<\/div>\n<\/div>\n\n\n\n<p><\/p>\n","protected":false},"excerpt":{"rendered":"<p>Bern as capitol of Switzerland is easy to reach. To our office by car take the exit Niederwangen from highway A12. We propose to use the public transport by train.From main station Bern take the S-Bahn S1 or S2 direction Fribourg, station B\u00fcmliz-S\u00fcd.Tram is also available, from Bern main station use the tram 7, station &hellip; <a href=\"https:\/\/www.v-comp.ch\/?page_id=420&#038;lang=en\" class=\"more-link\">Continue reading<span class=\"screen-reader-text\"> &#8220;Connection&#8221;<\/span><\/a><\/p>\n","protected":false},"author":1,"featured_media":0,"parent":0,"menu_order":0,"comment_status":"closed","ping_status":"closed","template":"","meta":{"_editorskit_title_hidden":false,"_editorskit_reading_time":0,"_editorskit_is_block_options_detached":false,"_editorskit_block_options_position":"{}","footnotes":""},"class_list":["post-420","page","type-page","status-publish","hentry"],"_links":{"self":[{"href":"https:\/\/www.v-comp.ch\/index.php?rest_route=\/wp\/v2\/pages\/420","targetHints":{"allow":["GET"]}}],"collection":[{"href":"https:\/\/www.v-comp.ch\/index.php?rest_route=\/wp\/v2\/pages"}],"about":[{"href":"https:\/\/www.v-comp.ch\/index.php?rest_route=\/wp\/v2\/types\/page"}],"author":[{"embeddable":true,"href":"https:\/\/www.v-comp.ch\/index.php?rest_route=\/wp\/v2\/users\/1"}],"replies":[{"embeddable":true,"href":"https:\/\/www.v-comp.ch\/index.php?rest_route=%2Fwp%2Fv2%2Fcomments&post=420"}],"version-history":[{"count":3,"href":"https:\/\/www.v-comp.ch\/index.php?rest_route=\/wp\/v2\/pages\/420\/revisions"}],"predecessor-version":[{"id":599,"href":"https:\/\/www.v-comp.ch\/index.php?rest_route=\/wp\/v2\/pages\/420\/revisions\/599"}],"wp:attachment":[{"href":"https:\/\/www.v-comp.ch\/index.php?rest_route=%2Fwp%2Fv2%2Fmedia&parent=420"}],"curies":[{"name":"wp","href":"https:\/\/api.w.org\/{rel}","templated":true}]}}